{"id":12474,"date":"2020-11-04T11:44:16","date_gmt":"2020-11-04T11:44:16","guid":{"rendered":"http:\/\/cecripolles.org\/?page_id=12474"},"modified":"2020-11-04T16:32:42","modified_gmt":"2020-11-04T16:32:42","slug":"convocatoria-2020-2021","status":"publish","type":"page","link":"https:\/\/cecripolles.org\/?page_id=12474","title":{"rendered":"Convocat\u00f2ria 2020-2021"},"content":{"rendered":"\t\t<div data-elementor-type=\"wp-page\" data-elementor-id=\"12474\" class=\"elementor elementor-12474\" data-elementor-settings=\"[]\">\n\t\t\t<div class=\"elementor-inner\">\n\t\t\t\t<div class=\"elementor-section-wrap\">\n\t\t\t\t\t\t\t<section class=\"elementor-element elementor-element-6e26642 elementor-section-boxed elementor-section-height-default elementor-section-height-default elementor-section elementor-top-section\" data-id=\"6e26642\" data-element_type=\"section\">\n\t\t\t\t\t\t<div class=\"elementor-container elementor-column-gap-default\">\n\t\t\t\t<div class=\"elementor-row\">\n\t\t\t\t<div class=\"elementor-element elementor-element-322cf9c elementor-column elementor-col-100 elementor-top-column\" data-id=\"322cf9c\" data-element_type=\"column\">\n\t\t\t<div class=\"elementor-column-wrap  elementor-element-populated\">\n\t\t\t\t\t<div class=\"elementor-widget-wrap\">\n\t\t\t\t<div class=\"elementor-element elementor-element-1122d1f elementor-widget elementor-widget-image\" data-id=\"1122d1f\" data-element_type=\"widget\" data-widget_type=\"image.default\">\n\t\t\t\t<div class=\"elementor-widget-container\">\n\t\t\t\t\t<div class=\"elementor-image\">\n\t\t\t\t\t\t\t\t\t\t<img width=\"657\" height=\"490\" src=\"https:\/\/cecripolles.org\/wp-content\/uploads\/2020\/09\/Imagen-1-1.png\" class=\"attachment-large size-large\" alt=\"\" loading=\"lazy\" srcset=\"https:\/\/cecripolles.org\/wp-content\/uploads\/2020\/09\/Imagen-1-1.png 657w, https:\/\/cecripolles.org\/wp-content\/uploads\/2020\/09\/Imagen-1-1-300x224.png 300w\" sizes=\"(max-width: 657px) 100vw, 657px\" \/>\t\t\t\t\t\t\t\t\t\t\t<\/div>\n\t\t\t\t<\/div>\n\t\t\t\t<\/div>\n\t\t\t\t\t\t<\/div>\n\t\t\t<\/div>\n\t\t<\/div>\n\t\t\t\t\t\t<\/div>\n\t\t\t<\/div>\n\t\t<\/section>\n\t\t\t\t<section class=\"elementor-element elementor-element-ad1048a elementor-section-boxed elementor-section-height-default elementor-section-height-default elementor-section elementor-top-section\" data-id=\"ad1048a\" data-element_type=\"section\">\n\t\t\t\t\t\t<div class=\"elementor-container elementor-column-gap-default\">\n\t\t\t\t<div class=\"elementor-row\">\n\t\t\t\t<div class=\"elementor-element elementor-element-98fee3d elementor-column elementor-col-100 elementor-top-column\" data-id=\"98fee3d\" data-element_type=\"column\">\n\t\t\t<div class=\"elementor-column-wrap  elementor-element-populated\">\n\t\t\t\t\t<div class=\"elementor-widget-wrap\">\n\t\t\t\t<div class=\"elementor-element elementor-element-c6b765f elementor-widget elementor-widget-text-editor\" data-id=\"c6b765f\" data-element_type=\"widget\" data-widget_type=\"text-editor.default\">\n\t\t\t\t<div class=\"elementor-widget-container\">\n\t\t\t\t\t<div class=\"elementor-text-editor elementor-clearfix\"><p>Convocat\u00f2ria de publicacions per als <em>Annals 2020 \u2013 2021<\/em>. La tem\u00e0tica d\u2019enguany ser\u00e0 sobre les pand\u00e8mies i les crisis al Ripoll\u00e8s. Tothom que hi estigui interessat pot presentar un article i enviar-nos-el al correu <a href=\"mailto:info@cecripolles.org\">info@cecripolles.org. <\/a>El termini de presentacions finalitza el 28 de febrer de 2021.<\/p><\/div>\n\t\t\t\t<\/div>\n\t\t\t\t<\/div>\n\t\t\t\t\t\t<\/div>\n\t\t\t<\/div>\n\t\t<\/div>\n\t\t\t\t\t\t<\/div>\n\t\t\t<\/div>\n\t\t<\/section>\n\t\t\t\t\t\t<\/div>\n\t\t\t<\/div>\n\t\t<\/div>\n\t\t","protected":false},"excerpt":{"rendered":"<p>Convocat\u00f2ria de publicacions per als Annals 2020 \u2013 2021. La&hellip;<\/p>\n<p> <a class=\"more-link\" href=\"https:\/\/cecripolles.org\/?page_id=12474\">Read more<\/a><\/p>\n","protected":false},"author":1,"featured_media":0,"parent":0,"menu_order":0,"comment_status":"closed","ping_status":"closed","template":"","meta":[],"_links":{"self":[{"href":"https:\/\/cecripolles.org\/index.php?rest_route=\/wp\/v2\/pages\/12474"}],"collection":[{"href":"https:\/\/cecripolles.org\/index.php?rest_route=\/wp\/v2\/pages"}],"about":[{"href":"https:\/\/cecripolles.org\/index.php?rest_route=\/wp\/v2\/types\/page"}],"author":[{"embeddable":true,"href":"https:\/\/cecripolles.org\/index.php?rest_route=\/wp\/v2\/users\/1"}],"replies":[{"embeddable":true,"href":"https:\/\/cecripolles.org\/index.php?rest_route=%2Fwp%2Fv2%2Fcomments&post=12474"}],"version-history":[{"count":4,"href":"https:\/\/cecripolles.org\/index.php?rest_route=\/wp\/v2\/pages\/12474\/revisions"}],"predecessor-version":[{"id":12520,"href":"https:\/\/cecripolles.org\/index.php?rest_route=\/wp\/v2\/pages\/12474\/revisions\/12520"}],"wp:attachment":[{"href":"https:\/\/cecripolles.org\/index.php?rest_route=%2Fwp%2Fv2%2Fmedia&parent=12474"}],"curies":[{"name":"wp","href":"https:\/\/api.w.org\/{rel}","templated":true}]}}