{"id":12364,"date":"2020-09-26T11:46:29","date_gmt":"2020-09-26T11:46:29","guid":{"rendered":"http:\/\/cecripolles.org\/?page_id=12364"},"modified":"2025-05-02T11:15:12","modified_gmt":"2025-05-02T11:15:12","slug":"seccions-tematiques","status":"publish","type":"page","link":"https:\/\/cecripolles.org\/?page_id=12364","title":{"rendered":"Publicacions"},"content":{"rendered":"\t\t<div data-elementor-type=\"wp-page\" data-elementor-id=\"12364\" class=\"elementor elementor-12364\">\n\t\t\t\t\t\t<section class=\"elementor-section elementor-top-section elementor-element elementor-element-73558534 elementor-section-content-middle elementor-section-boxed elementor-section-height-default elementor-section-height-default\" data-id=\"73558534\" data-element_type=\"section\" data-settings=\"{&quot;background_background&quot;:&quot;classic&quot;}\">\n\t\t\t\t\t\t<div class=\"elementor-container elementor-column-gap-default\">\n\t\t\t\t\t<div class=\"elementor-column elementor-col-100 elementor-top-column elementor-element elementor-element-23878f1\" data-id=\"23878f1\" data-element_type=\"column\">\n\t\t\t<div class=\"elementor-widget-wrap elementor-element-populated\">\n\t\t\t\t\t\t<div class=\"elementor-element elementor-element-ab7967d elementor-widget elementor-widget-heading\" data-id=\"ab7967d\" data-element_type=\"widget\" data-widget_type=\"heading.default\">\n\t\t\t\t<div class=\"elementor-widget-container\">\n\t\t\t\t\t<h3 class=\"elementor-heading-title elementor-size-default\">LLIBRES EDITATS<\/h3>\t\t\t\t<\/div>\n\t\t\t\t<\/div>\n\t\t\t\t\t<\/div>\n\t\t<\/div>\n\t\t\t\t\t<\/div>\n\t\t<\/section>\n\t\t\t\t<section class=\"elementor-section elementor-top-section elementor-element elementor-element-24365a9 elementor-section-content-middle elementor-reverse-mobile elementor-section-boxed elementor-section-height-default elementor-section-height-default\" data-id=\"24365a9\" data-element_type=\"section\">\n\t\t\t\t\t\t<div class=\"elementor-container elementor-column-gap-default\">\n\t\t\t\t\t<div class=\"elementor-column elementor-col-50 elementor-top-column elementor-element elementor-element-2fc0806d\" data-id=\"2fc0806d\" data-element_type=\"column\">\n\t\t\t<div class=\"elementor-widget-wrap elementor-element-populated\">\n\t\t\t\t\t\t<div class=\"elementor-element elementor-element-45f97b68 elementor-widget elementor-widget-heading\" data-id=\"45f97b68\" data-element_type=\"widget\" data-widget_type=\"heading.default\">\n\t\t\t\t<div class=\"elementor-widget-container\">\n\t\t\t\t\t<h1 class=\"elementor-heading-title elementor-size-default\">Claustrum: Claustre medieval de Santa Maria de Ripoll (2018)<\/h1>\t\t\t\t<\/div>\n\t\t\t\t<\/div>\n\t\t\t\t<div class=\"elementor-element elementor-element-68e867d2 elementor-widget elementor-widget-text-editor\" data-id=\"68e867d2\" data-element_type=\"widget\" data-widget_type=\"text-editor.default\">\n\t\t\t\t<div class=\"elementor-widget-container\">\n\t\t\t\t\t\t\t\t\t<div id=\"bylineInfo_feature_div\" class=\"feature\" data-feature-name=\"bylineInfo\" data-cel-widget=\"bylineInfo_feature_div\"><div id=\"bylineInfo\" class=\"a-section a-spacing-micro bylineHidden feature\" data-cel-widget=\"bylineInfo\">de <span class=\"author notFaded\" data-width=\"225\"> Salvador Alimbau<span class=\"contribution\"><span class=\"a-color-secondary\">, <\/span> <\/span> <\/span> <span class=\"author notFaded\" data-width=\"193\"> Pere Beseran<span class=\"contribution\"><span class=\"a-color-secondary\">, <\/span> <\/span> <\/span> <span class=\"author notFaded\" data-width=\"172\"> Jordi Camps i S\u00f2ria<span class=\"contribution\"><span class=\"a-color-secondary\">, <\/span> <\/span> <\/span> <span class=\"author notFaded\" data-width=\"211\"> Reinald Gonz\u00e1lez i Garc\u00eda<span class=\"contribution\"><span class=\"a-color-secondary\">, <\/span> <\/span> <\/span> <span class=\"author notFaded\" data-width=\"234\"> Antoni Llagostera Fern\u00e1ndez<span class=\"contribution\"><span class=\"a-color-secondary\">, <\/span> <\/span> <\/span> <span class=\"author notFaded\" data-width=\"213\"> Concepci\u00f3 Peig Ginabreda <\/span><\/div><\/div><div id=\"averageCustomerReviews_feature_div\" class=\"feature\" data-feature-name=\"averageCustomerReviews\" data-cel-widget=\"averageCustomerReviews_feature_div\">\u00a0<\/div>\t\t\t\t\t\t\t\t<\/div>\n\t\t\t\t<\/div>\n\t\t\t\t\t<\/div>\n\t\t<\/div>\n\t\t\t\t<div class=\"elementor-column elementor-col-50 elementor-top-column elementor-element elementor-element-5da7e850\" data-id=\"5da7e850\" data-element_type=\"column\">\n\t\t\t<div class=\"elementor-widget-wrap elementor-element-populated\">\n\t\t\t\t\t\t<div class=\"elementor-element elementor-element-78814256 elementor-widget elementor-widget-image\" data-id=\"78814256\" data-element_type=\"widget\" data-widget_type=\"image.default\">\n\t\t\t\t<div class=\"elementor-widget-container\">\n\t\t\t\t\t\t\t\t\t\t\t\t\t\t\t<img fetchpriority=\"high\" decoding=\"async\" width=\"300\" height=\"300\" src=\"https:\/\/cecripolles.org\/wp-content\/uploads\/2020\/10\/20180618_claustrum_web_0-300x300.gif\" class=\"attachment-medium size-medium wp-image-12384\" alt=\"\" srcset=\"https:\/\/cecripolles.org\/wp-content\/uploads\/2020\/10\/20180618_claustrum_web_0-300x300.gif 300w, https:\/\/cecripolles.org\/wp-content\/uploads\/2020\/10\/20180618_claustrum_web_0-150x150.gif 150w\" sizes=\"(max-width: 300px) 100vw, 300px\" \/>\t\t\t\t\t\t\t\t\t\t\t\t\t\t\t<\/div>\n\t\t\t\t<\/div>\n\t\t\t\t\t<\/div>\n\t\t<\/div>\n\t\t\t\t\t<\/div>\n\t\t<\/section>\n\t\t\t\t<section class=\"elementor-section elementor-top-section elementor-element elementor-element-4b070652 elementor-section-content-middle elementor-section-boxed elementor-section-height-default elementor-section-height-default\" data-id=\"4b070652\" data-element_type=\"section\">\n\t\t\t\t\t\t<div class=\"elementor-container elementor-column-gap-default\">\n\t\t\t\t\t<div class=\"elementor-column elementor-col-50 elementor-top-column elementor-element elementor-element-5bec12f9\" data-id=\"5bec12f9\" data-element_type=\"column\">\n\t\t\t<div class=\"elementor-widget-wrap elementor-element-populated\">\n\t\t\t\t\t\t<div class=\"elementor-element elementor-element-7d270155 elementor-widget elementor-widget-image\" data-id=\"7d270155\" data-element_type=\"widget\" data-widget_type=\"image.default\">\n\t\t\t\t<div class=\"elementor-widget-container\">\n\t\t\t\t\t\t\t\t\t\t\t\t\t\t\t<img decoding=\"async\" width=\"208\" height=\"300\" src=\"https:\/\/cecripolles.org\/wp-content\/uploads\/2020\/10\/Captura-de-pantalla-2020-10-08-a-las-2.36.57-208x300.png\" class=\"attachment-medium size-medium wp-image-12404\" alt=\"\" srcset=\"https:\/\/cecripolles.org\/wp-content\/uploads\/2020\/10\/Captura-de-pantalla-2020-10-08-a-las-2.36.57-208x300.png 208w, https:\/\/cecripolles.org\/wp-content\/uploads\/2020\/10\/Captura-de-pantalla-2020-10-08-a-las-2.36.57.png 236w\" sizes=\"(max-width: 208px) 100vw, 208px\" \/>\t\t\t\t\t\t\t\t\t\t\t\t\t\t\t<\/div>\n\t\t\t\t<\/div>\n\t\t\t\t\t<\/div>\n\t\t<\/div>\n\t\t\t\t<div class=\"elementor-column elementor-col-50 elementor-top-column elementor-element elementor-element-6d1dfa94\" data-id=\"6d1dfa94\" data-element_type=\"column\">\n\t\t\t<div class=\"elementor-widget-wrap elementor-element-populated\">\n\t\t\t\t\t\t<div class=\"elementor-element elementor-element-36d553f1 elementor-widget elementor-widget-heading\" data-id=\"36d553f1\" data-element_type=\"widget\" data-widget_type=\"heading.default\">\n\t\t\t\t<div class=\"elementor-widget-container\">\n\t\t\t\t\t<h3 class=\"elementor-heading-title elementor-size-default\">Cr\u00f3nica de la villa y monasterio de Ripoll. Hist\u00f2ria i mem\u00f2ria (2010)<\/h3>\t\t\t\t<\/div>\n\t\t\t\t<\/div>\n\t\t\t\t<div class=\"elementor-element elementor-element-7482718d elementor-widget elementor-widget-text-editor\" data-id=\"7482718d\" data-element_type=\"widget\" data-widget_type=\"text-editor.default\">\n\t\t\t\t<div class=\"elementor-widget-container\">\n\t\t\t\t\t\t\t\t\t<p>d&#8217;Antoni Llagostera, Antoni Pujals i Eduard Mirapeix<\/p>\t\t\t\t\t\t\t\t<\/div>\n\t\t\t\t<\/div>\n\t\t\t\t\t<\/div>\n\t\t<\/div>\n\t\t\t\t\t<\/div>\n\t\t<\/section>\n\t\t\t\t<section class=\"elementor-section elementor-top-section elementor-element elementor-element-56573a71 elementor-section-content-middle elementor-reverse-mobile elementor-section-boxed elementor-section-height-default elementor-section-height-default\" data-id=\"56573a71\" data-element_type=\"section\">\n\t\t\t\t\t\t<div class=\"elementor-container elementor-column-gap-default\">\n\t\t\t\t\t<div class=\"elementor-column elementor-col-50 elementor-top-column elementor-element elementor-element-5e56e94c\" data-id=\"5e56e94c\" data-element_type=\"column\">\n\t\t\t<div class=\"elementor-widget-wrap elementor-element-populated\">\n\t\t\t\t\t\t<div class=\"elementor-element elementor-element-274c24d9 elementor-widget elementor-widget-heading\" data-id=\"274c24d9\" data-element_type=\"widget\" data-widget_type=\"heading.default\">\n\t\t\t\t<div class=\"elementor-widget-container\">\n\t\t\t\t\t<h3 class=\"elementor-heading-title elementor-size-default\">Llegendes del Ripoll\u00e8s (2008)<\/h3>\t\t\t\t<\/div>\n\t\t\t\t<\/div>\n\t\t\t\t<div class=\"elementor-element elementor-element-bd44c2f elementor-widget elementor-widget-text-editor\" data-id=\"bd44c2f\" data-element_type=\"widget\" data-widget_type=\"text-editor.default\">\n\t\t\t\t<div class=\"elementor-widget-container\">\n\t\t\t\t\t\t\t\t\t<p>de Josep Ribot<\/p>\t\t\t\t\t\t\t\t<\/div>\n\t\t\t\t<\/div>\n\t\t\t\t\t<\/div>\n\t\t<\/div>\n\t\t\t\t<div class=\"elementor-column elementor-col-50 elementor-top-column elementor-element elementor-element-35f1692d\" data-id=\"35f1692d\" data-element_type=\"column\">\n\t\t\t<div class=\"elementor-widget-wrap elementor-element-populated\">\n\t\t\t\t\t\t<div class=\"elementor-element elementor-element-4b0148ba elementor-widget elementor-widget-image\" data-id=\"4b0148ba\" data-element_type=\"widget\" data-widget_type=\"image.default\">\n\t\t\t\t<div class=\"elementor-widget-container\">\n\t\t\t\t\t\t\t\t\t\t\t\t\t\t\t<img decoding=\"async\" width=\"300\" height=\"293\" src=\"https:\/\/cecripolles.org\/wp-content\/uploads\/2020\/10\/EPSON003_25-300x293.jpg\" class=\"attachment-medium size-medium wp-image-12383\" alt=\"\" srcset=\"https:\/\/cecripolles.org\/wp-content\/uploads\/2020\/10\/EPSON003_25-300x293.jpg 300w, https:\/\/cecripolles.org\/wp-content\/uploads\/2020\/10\/EPSON003_25-768x751.jpg 768w, https:\/\/cecripolles.org\/wp-content\/uploads\/2020\/10\/EPSON003_25.jpg 818w\" sizes=\"(max-width: 300px) 100vw, 300px\" \/>\t\t\t\t\t\t\t\t\t\t\t\t\t\t\t<\/div>\n\t\t\t\t<\/div>\n\t\t\t\t\t<\/div>\n\t\t<\/div>\n\t\t\t\t\t<\/div>\n\t\t<\/section>\n\t\t\t\t<section class=\"elementor-section elementor-top-section elementor-element elementor-element-95572a6 elementor-section-content-middle elementor-section-boxed elementor-section-height-default elementor-section-height-default\" data-id=\"95572a6\" data-element_type=\"section\">\n\t\t\t\t\t\t<div class=\"elementor-container elementor-column-gap-default\">\n\t\t\t\t\t<div class=\"elementor-column elementor-col-50 elementor-top-column elementor-element elementor-element-2761d63\" data-id=\"2761d63\" data-element_type=\"column\">\n\t\t\t<div class=\"elementor-widget-wrap elementor-element-populated\">\n\t\t\t\t\t\t<div class=\"elementor-element elementor-element-cb98a16 elementor-widget elementor-widget-image\" data-id=\"cb98a16\" data-element_type=\"widget\" data-widget_type=\"image.default\">\n\t\t\t\t<div class=\"elementor-widget-container\">\n\t\t\t\t\t\t\t\t\t\t\t\t\t\t\t<img loading=\"lazy\" decoding=\"async\" width=\"192\" height=\"300\" src=\"https:\/\/cecripolles.org\/wp-content\/uploads\/2020\/10\/9788486812812-es-192x300.jpg\" class=\"attachment-medium size-medium wp-image-12386\" alt=\"\" srcset=\"https:\/\/cecripolles.org\/wp-content\/uploads\/2020\/10\/9788486812812-es-192x300.jpg 192w, https:\/\/cecripolles.org\/wp-content\/uploads\/2020\/10\/9788486812812-es.jpg 320w\" sizes=\"(max-width: 192px) 100vw, 192px\" \/>\t\t\t\t\t\t\t\t\t\t\t\t\t\t\t<\/div>\n\t\t\t\t<\/div>\n\t\t\t\t\t<\/div>\n\t\t<\/div>\n\t\t\t\t<div class=\"elementor-column elementor-col-50 elementor-top-column elementor-element elementor-element-82ea4a7\" data-id=\"82ea4a7\" data-element_type=\"column\">\n\t\t\t<div class=\"elementor-widget-wrap elementor-element-populated\">\n\t\t\t\t\t\t<div class=\"elementor-element elementor-element-2a089e7 elementor-widget elementor-widget-heading\" data-id=\"2a089e7\" data-element_type=\"widget\" data-widget_type=\"heading.default\">\n\t\t\t\t<div class=\"elementor-widget-container\">\n\t\t\t\t\t<h3 class=\"elementor-heading-title elementor-size-default\">Histoire de l'ermitage de notre-dame de Nuria (1998)<\/h3>\t\t\t\t<\/div>\n\t\t\t\t<\/div>\n\t\t\t\t\t<\/div>\n\t\t<\/div>\n\t\t\t\t\t<\/div>\n\t\t<\/section>\n\t\t\t\t<section class=\"elementor-section elementor-top-section elementor-element elementor-element-4c181ff elementor-section-content-middle elementor-reverse-mobile elementor-section-boxed elementor-section-height-default elementor-section-height-default\" data-id=\"4c181ff\" data-element_type=\"section\">\n\t\t\t\t\t\t<div class=\"elementor-container elementor-column-gap-default\">\n\t\t\t\t\t<div class=\"elementor-column elementor-col-50 elementor-top-column elementor-element elementor-element-691c0412\" data-id=\"691c0412\" data-element_type=\"column\">\n\t\t\t<div class=\"elementor-widget-wrap elementor-element-populated\">\n\t\t\t\t\t\t<div class=\"elementor-element elementor-element-73287aa7 elementor-widget elementor-widget-heading\" data-id=\"73287aa7\" data-element_type=\"widget\" data-widget_type=\"heading.default\">\n\t\t\t\t<div class=\"elementor-widget-container\">\n\t\t\t\t\t<h3 class=\"elementor-heading-title elementor-size-default\">Variacions del P.Benet Brell (1998)<\/h3>\t\t\t\t<\/div>\n\t\t\t\t<\/div>\n\t\t\t\t<div class=\"elementor-element elementor-element-3177343e elementor-widget elementor-widget-text-editor\" data-id=\"3177343e\" data-element_type=\"widget\" data-widget_type=\"text-editor.default\">\n\t\t\t\t<div class=\"elementor-widget-container\">\n\t\t\t\t\t\t\t\t\t<p>de Modest Moreno<\/p>\t\t\t\t\t\t\t\t<\/div>\n\t\t\t\t<\/div>\n\t\t\t\t\t<\/div>\n\t\t<\/div>\n\t\t\t\t<div class=\"elementor-column elementor-col-50 elementor-top-column elementor-element elementor-element-4b24a949\" data-id=\"4b24a949\" data-element_type=\"column\">\n\t\t\t<div class=\"elementor-widget-wrap elementor-element-populated\">\n\t\t\t\t\t\t<div class=\"elementor-element elementor-element-677eecc6 elementor-widget elementor-widget-image\" data-id=\"677eecc6\" data-element_type=\"widget\" data-widget_type=\"image.default\">\n\t\t\t\t<div class=\"elementor-widget-container\">\n\t\t\t\t\t\t\t\t\t\t\t\t\t\t\t<img loading=\"lazy\" decoding=\"async\" width=\"208\" height=\"300\" src=\"https:\/\/cecripolles.org\/wp-content\/uploads\/2020\/10\/temaambvariacions_51cb005a5c141-208x300.jpg\" class=\"attachment-medium size-medium wp-image-12387\" alt=\"\" srcset=\"https:\/\/cecripolles.org\/wp-content\/uploads\/2020\/10\/temaambvariacions_51cb005a5c141-208x300.jpg 208w, https:\/\/cecripolles.org\/wp-content\/uploads\/2020\/10\/temaambvariacions_51cb005a5c141.jpg 315w\" sizes=\"(max-width: 208px) 100vw, 208px\" \/>\t\t\t\t\t\t\t\t\t\t\t\t\t\t\t<\/div>\n\t\t\t\t<\/div>\n\t\t\t\t\t<\/div>\n\t\t<\/div>\n\t\t\t\t\t<\/div>\n\t\t<\/section>\n\t\t\t\t<section class=\"elementor-section elementor-top-section elementor-element elementor-element-56d8dd56 elementor-section-content-middle elementor-section-boxed elementor-section-height-default elementor-section-height-default\" data-id=\"56d8dd56\" data-element_type=\"section\">\n\t\t\t\t\t\t<div class=\"elementor-container elementor-column-gap-default\">\n\t\t\t\t\t<div class=\"elementor-column elementor-col-50 elementor-top-column elementor-element elementor-element-7f4318a9\" data-id=\"7f4318a9\" data-element_type=\"column\">\n\t\t\t<div class=\"elementor-widget-wrap elementor-element-populated\">\n\t\t\t\t\t\t<div class=\"elementor-element elementor-element-7cf4cbbd elementor-widget elementor-widget-image\" data-id=\"7cf4cbbd\" data-element_type=\"widget\" data-widget_type=\"image.default\">\n\t\t\t\t<div class=\"elementor-widget-container\">\n\t\t\t\t\t\t\t\t\t\t\t\t\t\t\t<img loading=\"lazy\" decoding=\"async\" width=\"219\" height=\"300\" src=\"https:\/\/cecripolles.org\/wp-content\/uploads\/2020\/10\/143600454-219x300.jpg\" class=\"attachment-medium size-medium wp-image-12389\" alt=\"\" srcset=\"https:\/\/cecripolles.org\/wp-content\/uploads\/2020\/10\/143600454-219x300.jpg 219w, https:\/\/cecripolles.org\/wp-content\/uploads\/2020\/10\/143600454.jpg 720w\" sizes=\"(max-width: 219px) 100vw, 219px\" \/>\t\t\t\t\t\t\t\t\t\t\t\t\t\t\t<\/div>\n\t\t\t\t<\/div>\n\t\t\t\t\t<\/div>\n\t\t<\/div>\n\t\t\t\t<div class=\"elementor-column elementor-col-50 elementor-top-column elementor-element elementor-element-56b2a95f\" data-id=\"56b2a95f\" data-element_type=\"column\">\n\t\t\t<div class=\"elementor-widget-wrap elementor-element-populated\">\n\t\t\t\t\t\t<div class=\"elementor-element elementor-element-5af3a875 elementor-widget elementor-widget-heading\" data-id=\"5af3a875\" data-element_type=\"widget\" data-widget_type=\"heading.default\">\n\t\t\t\t<div class=\"elementor-widget-container\">\n\t\t\t\t\t<h3 class=\"elementor-heading-title elementor-size-default\">Guifr\u00e9 el pil\u00f3s, hist\u00f2ria i documentaci\u00f3 (1997)<\/h3>\t\t\t\t<\/div>\n\t\t\t\t<\/div>\n\t\t\t\t<div class=\"elementor-element elementor-element-5fc63f86 elementor-widget elementor-widget-text-editor\" data-id=\"5fc63f86\" data-element_type=\"widget\" data-widget_type=\"text-editor.default\">\n\t\t\t\t<div class=\"elementor-widget-container\">\n\t\t\t\t\t\t\t\t\t<p>de Jordi Mascarella i Miquel Sitjar<\/p>\t\t\t\t\t\t\t\t<\/div>\n\t\t\t\t<\/div>\n\t\t\t\t\t<\/div>\n\t\t<\/div>\n\t\t\t\t\t<\/div>\n\t\t<\/section>\n\t\t\t\t<section class=\"elementor-section elementor-top-section elementor-element elementor-element-22ced862 elementor-section-content-middle elementor-reverse-mobile elementor-section-boxed elementor-section-height-default elementor-section-height-default\" data-id=\"22ced862\" data-element_type=\"section\">\n\t\t\t\t\t\t<div class=\"elementor-container elementor-column-gap-default\">\n\t\t\t\t\t<div class=\"elementor-column elementor-col-50 elementor-top-column elementor-element elementor-element-7ccf0e09\" data-id=\"7ccf0e09\" data-element_type=\"column\">\n\t\t\t<div class=\"elementor-widget-wrap elementor-element-populated\">\n\t\t\t\t\t\t<div class=\"elementor-element elementor-element-5cf8e565 elementor-widget elementor-widget-heading\" data-id=\"5cf8e565\" data-element_type=\"widget\" data-widget_type=\"heading.default\">\n\t\t\t\t<div class=\"elementor-widget-container\">\n\t\t\t\t\t<h3 class=\"elementor-heading-title elementor-size-default\">El m\u00f3n al ripoll\u00e8s, visions i experi\u00e8ncies de viatgers al llarg del temps (1997)<\/h3>\t\t\t\t<\/div>\n\t\t\t\t<\/div>\n\t\t\t\t<div class=\"elementor-element elementor-element-a8db73d elementor-widget elementor-widget-text-editor\" data-id=\"a8db73d\" data-element_type=\"widget\" data-widget_type=\"text-editor.default\">\n\t\t\t\t<div class=\"elementor-widget-container\">\n\t\t\t\t\t\t\t\t\t<p>de Jordi Mascarella i Miquel Sitjar<\/p>\t\t\t\t\t\t\t\t<\/div>\n\t\t\t\t<\/div>\n\t\t\t\t\t<\/div>\n\t\t<\/div>\n\t\t\t\t<div class=\"elementor-column elementor-col-50 elementor-top-column elementor-element elementor-element-534bb548\" data-id=\"534bb548\" data-element_type=\"column\">\n\t\t\t<div class=\"elementor-widget-wrap elementor-element-populated\">\n\t\t\t\t\t\t<div class=\"elementor-element elementor-element-1b491990 elementor-widget elementor-widget-image\" data-id=\"1b491990\" data-element_type=\"widget\" data-widget_type=\"image.default\">\n\t\t\t\t<div class=\"elementor-widget-container\">\n\t\t\t\t\t\t\t\t\t\t\t\t\t\t\t<img loading=\"lazy\" decoding=\"async\" width=\"217\" height=\"300\" src=\"https:\/\/cecripolles.org\/wp-content\/uploads\/2020\/10\/55789377-217x300.jpg\" class=\"attachment-medium size-medium wp-image-12390\" alt=\"\" srcset=\"https:\/\/cecripolles.org\/wp-content\/uploads\/2020\/10\/55789377-217x300.jpg 217w, https:\/\/cecripolles.org\/wp-content\/uploads\/2020\/10\/55789377.jpg 578w\" sizes=\"(max-width: 217px) 100vw, 217px\" \/>\t\t\t\t\t\t\t\t\t\t\t\t\t\t\t<\/div>\n\t\t\t\t<\/div>\n\t\t\t\t\t<\/div>\n\t\t<\/div>\n\t\t\t\t\t<\/div>\n\t\t<\/section>\n\t\t\t\t<section class=\"elementor-section elementor-top-section elementor-element elementor-element-2800a14d elementor-section-content-middle elementor-section-boxed elementor-section-height-default elementor-section-height-default\" data-id=\"2800a14d\" data-element_type=\"section\">\n\t\t\t\t\t\t<div class=\"elementor-container elementor-column-gap-default\">\n\t\t\t\t\t<div class=\"elementor-column elementor-col-50 elementor-top-column elementor-element elementor-element-7f524b55\" data-id=\"7f524b55\" data-element_type=\"column\">\n\t\t\t<div class=\"elementor-widget-wrap elementor-element-populated\">\n\t\t\t\t\t\t<div class=\"elementor-element elementor-element-46978f86 elementor-widget elementor-widget-image\" data-id=\"46978f86\" data-element_type=\"widget\" data-widget_type=\"image.default\">\n\t\t\t\t<div class=\"elementor-widget-container\">\n\t\t\t\t\t\t\t\t\t\t\t\t\t\t\t<img loading=\"lazy\" decoding=\"async\" width=\"300\" height=\"300\" src=\"https:\/\/cecripolles.org\/wp-content\/uploads\/2020\/10\/Captura-de-pantalla-2020-10-08-a-las-2.39.06-300x300.png\" class=\"attachment-medium size-medium wp-image-12405\" alt=\"\" srcset=\"https:\/\/cecripolles.org\/wp-content\/uploads\/2020\/10\/Captura-de-pantalla-2020-10-08-a-las-2.39.06-300x300.png 300w, https:\/\/cecripolles.org\/wp-content\/uploads\/2020\/10\/Captura-de-pantalla-2020-10-08-a-las-2.39.06-150x150.png 150w, https:\/\/cecripolles.org\/wp-content\/uploads\/2020\/10\/Captura-de-pantalla-2020-10-08-a-las-2.39.06.png 391w\" sizes=\"(max-width: 300px) 100vw, 300px\" \/>\t\t\t\t\t\t\t\t\t\t\t\t\t\t\t<\/div>\n\t\t\t\t<\/div>\n\t\t\t\t\t<\/div>\n\t\t<\/div>\n\t\t\t\t<div class=\"elementor-column elementor-col-50 elementor-top-column elementor-element elementor-element-13b681ff\" data-id=\"13b681ff\" data-element_type=\"column\">\n\t\t\t<div class=\"elementor-widget-wrap elementor-element-populated\">\n\t\t\t\t\t\t<div class=\"elementor-element elementor-element-567d045b elementor-widget elementor-widget-heading\" data-id=\"567d045b\" data-element_type=\"widget\" data-widget_type=\"heading.default\">\n\t\t\t\t<div class=\"elementor-widget-container\">\n\t\t\t\t\t<h3 class=\"elementor-heading-title elementor-size-default\">Can\u00e7oner del Ripoll\u00e8s (1998)<\/h3>\t\t\t\t<\/div>\n\t\t\t\t<\/div>\n\t\t\t\t<div class=\"elementor-element elementor-element-7b47b57 elementor-widget elementor-widget-text-editor\" data-id=\"7b47b57\" data-element_type=\"widget\" data-widget_type=\"text-editor.default\">\n\t\t\t\t<div class=\"elementor-widget-container\">\n\t\t\t\t\t\t\t\t\t<p>de Maria Ant\u00f2nia Juan i Jordi Mascarella<\/p>\t\t\t\t\t\t\t\t<\/div>\n\t\t\t\t<\/div>\n\t\t\t\t\t<\/div>\n\t\t<\/div>\n\t\t\t\t\t<\/div>\n\t\t<\/section>\n\t\t\t\t<section class=\"elementor-section elementor-top-section elementor-element elementor-element-2b9a2e38 elementor-section-content-middle elementor-reverse-mobile elementor-section-boxed elementor-section-height-default elementor-section-height-default\" data-id=\"2b9a2e38\" data-element_type=\"section\">\n\t\t\t\t\t\t<div class=\"elementor-container elementor-column-gap-default\">\n\t\t\t\t\t<div class=\"elementor-column elementor-col-50 elementor-top-column elementor-element elementor-element-3bd5a2f3\" data-id=\"3bd5a2f3\" data-element_type=\"column\">\n\t\t\t<div class=\"elementor-widget-wrap elementor-element-populated\">\n\t\t\t\t\t\t<div class=\"elementor-element elementor-element-7c362b5 elementor-widget elementor-widget-heading\" data-id=\"7c362b5\" data-element_type=\"widget\" data-widget_type=\"heading.default\">\n\t\t\t\t<div class=\"elementor-widget-container\">\n\t\t\t\t\t<h3 class=\"elementor-heading-title elementor-size-default\">Textos M\u00e8dics Catalans (1989)<\/h3>\t\t\t\t<\/div>\n\t\t\t\t<\/div>\n\t\t\t\t<div class=\"elementor-element elementor-element-2d9ebd20 elementor-widget elementor-widget-text-editor\" data-id=\"2d9ebd20\" data-element_type=\"widget\" data-widget_type=\"text-editor.default\">\n\t\t\t\t<div class=\"elementor-widget-container\">\n\t\t\t\t\t\t\t\t\t<p>d&#8217;Eudald Raguer i Pere Puig<\/p>\t\t\t\t\t\t\t\t<\/div>\n\t\t\t\t<\/div>\n\t\t\t\t\t<\/div>\n\t\t<\/div>\n\t\t\t\t<div class=\"elementor-column elementor-col-50 elementor-top-column elementor-element elementor-element-1d5c5986\" data-id=\"1d5c5986\" data-element_type=\"column\">\n\t\t\t<div class=\"elementor-widget-wrap elementor-element-populated\">\n\t\t\t\t\t\t<div class=\"elementor-element elementor-element-365e3cd8 elementor-widget elementor-widget-image\" data-id=\"365e3cd8\" data-element_type=\"widget\" data-widget_type=\"image.default\">\n\t\t\t\t<div class=\"elementor-widget-container\">\n\t\t\t\t\t\t\t\t\t\t\t\t\t\t\t<img loading=\"lazy\" decoding=\"async\" width=\"208\" height=\"300\" src=\"https:\/\/cecripolles.org\/wp-content\/uploads\/2020\/10\/50304924-208x300.jpg\" class=\"attachment-medium size-medium wp-image-12388\" alt=\"\" srcset=\"https:\/\/cecripolles.org\/wp-content\/uploads\/2020\/10\/50304924-208x300.jpg 208w, https:\/\/cecripolles.org\/wp-content\/uploads\/2020\/10\/50304924.jpg 421w\" sizes=\"(max-width: 208px) 100vw, 208px\" \/>\t\t\t\t\t\t\t\t\t\t\t\t\t\t\t<\/div>\n\t\t\t\t<\/div>\n\t\t\t\t\t<\/div>\n\t\t<\/div>\n\t\t\t\t\t<\/div>\n\t\t<\/section>\n\t\t\t\t<\/div>\n\t\t","protected":false},"excerpt":{"rendered":"<p>LLIBRES EDITATS Claustrum: Claustre medieval de Santa Maria de Ripoll&hellip;<\/p>\n<p> <a class=\"more-link\" href=\"https:\/\/cecripolles.org\/?page_id=12364\">Read more<\/a><\/p>\n","protected":false},"author":1,"featured_media":0,"parent":0,"menu_order":0,"comment_status":"closed","ping_status":"closed","template":"","meta":{"footnotes":""},"class_list":["post-12364","page","type-page","status-publish"],"_links":{"self":[{"href":"https:\/\/cecripolles.org\/index.php?rest_route=\/wp\/v2\/pages\/12364","targetHints":{"allow":["GET"]}}],"collection":[{"href":"https:\/\/cecripolles.org\/index.php?rest_route=\/wp\/v2\/pages"}],"about":[{"href":"https:\/\/cecripolles.org\/index.php?rest_route=\/wp\/v2\/types\/page"}],"author":[{"embeddable":true,"href":"https:\/\/cecripolles.org\/index.php?rest_route=\/wp\/v2\/users\/1"}],"replies":[{"embeddable":true,"href":"https:\/\/cecripolles.org\/index.php?rest_route=%2Fwp%2Fv2%2Fcomments&post=12364"}],"version-history":[{"count":28,"href":"https:\/\/cecripolles.org\/index.php?rest_route=\/wp\/v2\/pages\/12364\/revisions"}],"predecessor-version":[{"id":12626,"href":"https:\/\/cecripolles.org\/index.php?rest_route=\/wp\/v2\/pages\/12364\/revisions\/12626"}],"wp:attachment":[{"href":"https:\/\/cecripolles.org\/index.php?rest_route=%2Fwp%2Fv2%2Fmedia&parent=12364"}],"curies":[{"name":"wp","href":"https:\/\/api.w.org\/{rel}","templated":true}]}}