{"id":12227,"date":"2020-06-04T12:40:05","date_gmt":"2020-06-04T12:40:05","guid":{"rendered":"http:\/\/centreestudisripolles.com\/?page_id=12227"},"modified":"2020-11-06T14:24:26","modified_gmt":"2020-11-06T14:24:26","slug":"noticies-2","status":"publish","type":"page","link":"https:\/\/cecripolles.org\/?page_id=12227","title":{"rendered":"Not\u00edcies"},"content":{"rendered":"\t\t<div data-elementor-type=\"wp-page\" data-elementor-id=\"12227\" class=\"elementor elementor-12227\" data-elementor-settings=\"[]\">\n\t\t\t<div class=\"elementor-inner\">\n\t\t\t\t<div class=\"elementor-section-wrap\">\n\t\t\t\t\t\t\t<section class=\"elementor-element elementor-element-37fced77 elementor-section-content-middle elementor-reverse-mobile elementor-section-boxed elementor-section-height-default elementor-section-height-default elementor-section elementor-top-section\" data-id=\"37fced77\" data-element_type=\"section\">\n\t\t\t\t\t\t<div class=\"elementor-container elementor-column-gap-default\">\n\t\t\t\t<div class=\"elementor-row\">\n\t\t\t\t<div class=\"elementor-element elementor-element-3fa027b2 elementor-column elementor-col-50 elementor-top-column\" data-id=\"3fa027b2\" data-element_type=\"column\">\n\t\t\t<div class=\"elementor-column-wrap  elementor-element-populated\">\n\t\t\t\t\t<div class=\"elementor-widget-wrap\">\n\t\t\t\t<div class=\"elementor-element elementor-element-7fc4b984 elementor-widget elementor-widget-heading\" data-id=\"7fc4b984\" data-element_type=\"widget\" data-widget_type=\"heading.default\">\n\t\t\t\t<div class=\"elementor-widget-container\">\n\t\t\t<h3 class=\"elementor-heading-title elementor-size-default\">Presentaci\u00f3 dels Annals 2017-2019 del CECR<\/h3>\t\t<\/div>\n\t\t\t\t<\/div>\n\t\t\t\t<div class=\"elementor-element elementor-element-b860b0a elementor-widget elementor-widget-text-editor\" data-id=\"b860b0a\" data-element_type=\"widget\" data-widget_type=\"text-editor.default\">\n\t\t\t\t<div class=\"elementor-widget-container\">\n\t\t\t\t\t<div class=\"elementor-text-editor elementor-clearfix\"><p>Videoconfer\u00e8ncia online a c\u00e0rrec d&#8217;Ester Noguer-Junc\u00e0, presidenta del CECR, Juan Manuel del Pozo, Doctor en Filosofia i S\u00edndic UdG, Josep Santesmases, president de la Coordinadora de Centres d&#8217;Estudis de Parla Catalana,\u00a0 i Jordi Munell, alcalde de Ripoll.<\/p><\/div>\n\t\t\t\t<\/div>\n\t\t\t\t<\/div>\n\t\t\t\t<div class=\"elementor-element elementor-element-5c6a84c1 elementor-align-left elementor-mobile-align-center elementor-widget elementor-widget-button\" data-id=\"5c6a84c1\" data-element_type=\"widget\" data-widget_type=\"button.default\">\n\t\t\t\t<div class=\"elementor-widget-container\">\n\t\t\t\t\t<div class=\"elementor-button-wrapper\">\n\t\t\t<a href=\"https:\/\/videoconferencies.ccepc.org\/playback\/presentation\/2.0\/playback.html?meetingId=391f1c20691d86e9e214c98fcd9328afd806c765-1604160553155\" class=\"elementor-button-link elementor-button elementor-size-md\" role=\"button\">\n\t\t\t\t\t\t<span class=\"elementor-button-content-wrapper\">\n\t\t\t\t\t\t<span class=\"elementor-button-icon elementor-align-icon-right\">\n\t\t\t\t<i aria-hidden=\"true\" class=\"fas fa-angle-double-right\"><\/i>\t\t\t<\/span>\n\t\t\t\t\t\t<span class=\"elementor-button-text\">Videoconfer\u00e8ncia completa<\/span>\n\t\t<\/span>\n\t\t\t\t\t<\/a>\n\t\t<\/div>\n\t\t\t\t<\/div>\n\t\t\t\t<\/div>\n\t\t\t\t\t\t<\/div>\n\t\t\t<\/div>\n\t\t<\/div>\n\t\t\t\t<div class=\"elementor-element elementor-element-7a592f02 elementor-column elementor-col-50 elementor-top-column\" data-id=\"7a592f02\" data-element_type=\"column\">\n\t\t\t<div class=\"elementor-column-wrap  elementor-element-populated\">\n\t\t\t\t\t<div class=\"elementor-widget-wrap\">\n\t\t\t\t<div class=\"elementor-element elementor-element-16fa293f elementor-widget elementor-widget-image\" data-id=\"16fa293f\" data-element_type=\"widget\" data-widget_type=\"image.default\">\n\t\t\t\t<div class=\"elementor-widget-container\">\n\t\t\t\t\t<div class=\"elementor-image\">\n\t\t\t\t\t\t\t\t\t\t<img width=\"800\" height=\"657\" src=\"https:\/\/cecripolles.org\/wp-content\/uploads\/2020\/11\/Captura-de-pantalla-2020-11-06-a-las-13.20.55-1024x841.png\" class=\"attachment-large size-large\" alt=\"\" loading=\"lazy\" srcset=\"https:\/\/cecripolles.org\/wp-content\/uploads\/2020\/11\/Captura-de-pantalla-2020-11-06-a-las-13.20.55-1024x841.png 1024w, https:\/\/cecripolles.org\/wp-content\/uploads\/2020\/11\/Captura-de-pantalla-2020-11-06-a-las-13.20.55-300x246.png 300w, https:\/\/cecripolles.org\/wp-content\/uploads\/2020\/11\/Captura-de-pantalla-2020-11-06-a-las-13.20.55-768x630.png 768w, https:\/\/cecripolles.org\/wp-content\/uploads\/2020\/11\/Captura-de-pantalla-2020-11-06-a-las-13.20.55.png 1312w\" sizes=\"(max-width: 800px) 100vw, 800px\" \/>\t\t\t\t\t\t\t\t\t\t\t<\/div>\n\t\t\t\t<\/div>\n\t\t\t\t<\/div>\n\t\t\t\t\t\t<\/div>\n\t\t\t<\/div>\n\t\t<\/div>\n\t\t\t\t\t\t<\/div>\n\t\t\t<\/div>\n\t\t<\/section>\n\t\t\t\t<section class=\"elementor-element elementor-element-30469c1d elementor-section-content-middle elementor-section-boxed elementor-section-height-default elementor-section-height-default elementor-section elementor-top-section\" data-id=\"30469c1d\" data-element_type=\"section\">\n\t\t\t\t\t\t<div class=\"elementor-container elementor-column-gap-default\">\n\t\t\t\t<div class=\"elementor-row\">\n\t\t\t\t<div class=\"elementor-element elementor-element-169243db elementor-column elementor-col-50 elementor-top-column\" data-id=\"169243db\" data-element_type=\"column\">\n\t\t\t<div class=\"elementor-column-wrap  elementor-element-populated\">\n\t\t\t\t\t<div class=\"elementor-widget-wrap\">\n\t\t\t\t<div class=\"elementor-element elementor-element-63cc405c elementor-widget elementor-widget-image\" data-id=\"63cc405c\" data-element_type=\"widget\" data-widget_type=\"image.default\">\n\t\t\t\t<div class=\"elementor-widget-container\">\n\t\t\t\t\t<div class=\"elementor-image\">\n\t\t\t\t\t\t\t\t\t\t<img width=\"300\" height=\"300\" src=\"https:\/\/cecripolles.org\/wp-content\/uploads\/2020\/11\/Estiuejants-excursionistes-i-forasters-i6n18766987-300x300.jpg\" class=\"attachment-medium size-medium\" alt=\"\" loading=\"lazy\" srcset=\"https:\/\/cecripolles.org\/wp-content\/uploads\/2020\/11\/Estiuejants-excursionistes-i-forasters-i6n18766987-300x300.jpg 300w, https:\/\/cecripolles.org\/wp-content\/uploads\/2020\/11\/Estiuejants-excursionistes-i-forasters-i6n18766987-150x150.jpg 150w, https:\/\/cecripolles.org\/wp-content\/uploads\/2020\/11\/Estiuejants-excursionistes-i-forasters-i6n18766987-768x769.jpg 768w, https:\/\/cecripolles.org\/wp-content\/uploads\/2020\/11\/Estiuejants-excursionistes-i-forasters-i6n18766987-60x60.jpg 60w, https:\/\/cecripolles.org\/wp-content\/uploads\/2020\/11\/Estiuejants-excursionistes-i-forasters-i6n18766987-144x144.jpg 144w, https:\/\/cecripolles.org\/wp-content\/uploads\/2020\/11\/Estiuejants-excursionistes-i-forasters-i6n18766987.jpg 800w\" sizes=\"(max-width: 300px) 100vw, 300px\" \/>\t\t\t\t\t\t\t\t\t\t\t<\/div>\n\t\t\t\t<\/div>\n\t\t\t\t<\/div>\n\t\t\t\t\t\t<\/div>\n\t\t\t<\/div>\n\t\t<\/div>\n\t\t\t\t<div class=\"elementor-element elementor-element-20d163a elementor-column elementor-col-50 elementor-top-column\" data-id=\"20d163a\" data-element_type=\"column\">\n\t\t\t<div class=\"elementor-column-wrap  elementor-element-populated\">\n\t\t\t\t\t<div class=\"elementor-widget-wrap\">\n\t\t\t\t<div class=\"elementor-element elementor-element-49738766 elementor-widget elementor-widget-heading\" data-id=\"49738766\" data-element_type=\"widget\" data-widget_type=\"heading.default\">\n\t\t\t\t<div class=\"elementor-widget-container\">\n\t\t\t<h3 class=\"elementor-heading-title elementor-size-default\">Descobreix la hist\u00f2ria del turisme a la Vall de Camprodon amb el llibre \u201cEstiuejants, excursionistes i forasters\u201d<\/h3>\t\t<\/div>\n\t\t\t\t<\/div>\n\t\t\t\t<div class=\"elementor-element elementor-element-324826bb elementor-widget elementor-widget-text-editor\" data-id=\"324826bb\" data-element_type=\"widget\" data-widget_type=\"text-editor.default\">\n\t\t\t\t<div class=\"elementor-widget-container\">\n\t\t\t\t\t<div class=\"elementor-text-editor elementor-clearfix\"><p>L&#8217;\u00faltim llibre de la presidenta del CECR, Ester Noguer-Junc\u00e0<\/p><\/div>\n\t\t\t\t<\/div>\n\t\t\t\t<\/div>\n\t\t\t\t<div class=\"elementor-element elementor-element-11b8f1c elementor-align-left elementor-mobile-align-center elementor-widget elementor-widget-button\" data-id=\"11b8f1c\" data-element_type=\"widget\" data-widget_type=\"button.default\">\n\t\t\t\t<div class=\"elementor-widget-container\">\n\t\t\t\t\t<div class=\"elementor-button-wrapper\">\n\t\t\t<a href=\"https:\/\/www.camprodon.cat\/descobreix-la-historia-del-turisme-a-la-vall-de-camprodon-amb-el-llibre-estiuejants-excursionistes-i-forasters\/\" class=\"elementor-button-link elementor-button elementor-size-md\" role=\"button\">\n\t\t\t\t\t\t<span class=\"elementor-button-content-wrapper\">\n\t\t\t\t\t\t<span class=\"elementor-button-icon elementor-align-icon-right\">\n\t\t\t\t<i aria-hidden=\"true\" class=\"fas fa-angle-double-right\"><\/i>\t\t\t<\/span>\n\t\t\t\t\t\t<span class=\"elementor-button-text\">Not\u00edcia completa<\/span>\n\t\t<\/span>\n\t\t\t\t\t<\/a>\n\t\t<\/div>\n\t\t\t\t<\/div>\n\t\t\t\t<\/div>\n\t\t\t\t\t\t<\/div>\n\t\t\t<\/div>\n\t\t<\/div>\n\t\t\t\t\t\t<\/div>\n\t\t\t<\/div>\n\t\t<\/section>\n\t\t\t\t<section class=\"elementor-element elementor-element-cdb9d2a elementor-section-content-middle elementor-reverse-mobile elementor-section-boxed elementor-section-height-default elementor-section-height-default elementor-section elementor-top-section\" data-id=\"cdb9d2a\" data-element_type=\"section\">\n\t\t\t\t\t\t<div class=\"elementor-container elementor-column-gap-default\">\n\t\t\t\t<div class=\"elementor-row\">\n\t\t\t\t<div class=\"elementor-element elementor-element-51750f3 elementor-column elementor-col-50 elementor-top-column\" data-id=\"51750f3\" data-element_type=\"column\">\n\t\t\t<div class=\"elementor-column-wrap  elementor-element-populated\">\n\t\t\t\t\t<div class=\"elementor-widget-wrap\">\n\t\t\t\t<div class=\"elementor-element elementor-element-ccd7acb elementor-widget elementor-widget-heading\" data-id=\"ccd7acb\" data-element_type=\"widget\" data-widget_type=\"heading.default\">\n\t\t\t\t<div class=\"elementor-widget-container\">\n\t\t\t<h3 class=\"elementor-heading-title elementor-size-default\">'Parlem d'hist\u00f2ria local' repassa les epid\u00e8mies i pestes que ha patit Ripoll<\/h3>\t\t<\/div>\n\t\t\t\t<\/div>\n\t\t\t\t<div class=\"elementor-element elementor-element-1e6b4c1 elementor-widget elementor-widget-text-editor\" data-id=\"1e6b4c1\" data-element_type=\"widget\" data-widget_type=\"text-editor.default\">\n\t\t\t\t<div class=\"elementor-widget-container\">\n\t\t\t\t\t<div class=\"elementor-text-editor elementor-clearfix\"><p>L\u2019actualitat mana i la darrera xerrada sobre la hist\u00f2ria local de Ripoll s\u2019ha centrat en les pand\u00e8mies i les pestes<\/p><\/div>\n\t\t\t\t<\/div>\n\t\t\t\t<\/div>\n\t\t\t\t<div class=\"elementor-element elementor-element-30d7fd2 elementor-align-left elementor-mobile-align-center elementor-widget elementor-widget-button\" data-id=\"30d7fd2\" data-element_type=\"widget\" data-widget_type=\"button.default\">\n\t\t\t\t<div class=\"elementor-widget-container\">\n\t\t\t\t\t<div class=\"elementor-button-wrapper\">\n\t\t\t<a href=\"https:\/\/www.ripollesdigital.cat\/video\/7911\/parlem-dhistoria-local-repasa-les-epidemies-i-pestes-que-ha-patit-ripoll\" class=\"elementor-button-link elementor-button elementor-size-md\" role=\"button\">\n\t\t\t\t\t\t<span class=\"elementor-button-content-wrapper\">\n\t\t\t\t\t\t<span class=\"elementor-button-icon elementor-align-icon-right\">\n\t\t\t\t<i aria-hidden=\"true\" class=\"fas fa-angle-double-right\"><\/i>\t\t\t<\/span>\n\t\t\t\t\t\t<span class=\"elementor-button-text\">Article completa<\/span>\n\t\t<\/span>\n\t\t\t\t\t<\/a>\n\t\t<\/div>\n\t\t\t\t<\/div>\n\t\t\t\t<\/div>\n\t\t\t\t\t\t<\/div>\n\t\t\t<\/div>\n\t\t<\/div>\n\t\t\t\t<div class=\"elementor-element elementor-element-0bb7031 elementor-column elementor-col-50 elementor-top-column\" data-id=\"0bb7031\" data-element_type=\"column\">\n\t\t\t<div class=\"elementor-column-wrap  elementor-element-populated\">\n\t\t\t\t\t<div class=\"elementor-widget-wrap\">\n\t\t\t\t<div class=\"elementor-element elementor-element-6cad9ea elementor-widget elementor-widget-image\" data-id=\"6cad9ea\" data-element_type=\"widget\" data-widget_type=\"image.default\">\n\t\t\t\t<div class=\"elementor-widget-container\">\n\t\t\t\t\t<div class=\"elementor-image\">\n\t\t\t\t\t\t\t\t\t\t<img width=\"780\" height=\"737\" src=\"https:\/\/cecripolles.org\/wp-content\/uploads\/2020\/10\/Captura-de-pantalla-2020-10-08-a-las-13.24.58.png\" class=\"attachment-large size-large\" alt=\"\" loading=\"lazy\" srcset=\"https:\/\/cecripolles.org\/wp-content\/uploads\/2020\/10\/Captura-de-pantalla-2020-10-08-a-las-13.24.58.png 780w, https:\/\/cecripolles.org\/wp-content\/uploads\/2020\/10\/Captura-de-pantalla-2020-10-08-a-las-13.24.58-300x283.png 300w, https:\/\/cecripolles.org\/wp-content\/uploads\/2020\/10\/Captura-de-pantalla-2020-10-08-a-las-13.24.58-768x726.png 768w\" sizes=\"(max-width: 780px) 100vw, 780px\" \/>\t\t\t\t\t\t\t\t\t\t\t<\/div>\n\t\t\t\t<\/div>\n\t\t\t\t<\/div>\n\t\t\t\t\t\t<\/div>\n\t\t\t<\/div>\n\t\t<\/div>\n\t\t\t\t\t\t<\/div>\n\t\t\t<\/div>\n\t\t<\/section>\n\t\t\t\t<section class=\"elementor-element elementor-element-e6bdb20 elementor-section-content-middle elementor-section-boxed elementor-section-height-default elementor-section-height-default elementor-section elementor-top-section\" data-id=\"e6bdb20\" data-element_type=\"section\">\n\t\t\t\t\t\t<div class=\"elementor-container elementor-column-gap-default\">\n\t\t\t\t<div class=\"elementor-row\">\n\t\t\t\t<div class=\"elementor-element elementor-element-1244eab elementor-column elementor-col-50 elementor-top-column\" data-id=\"1244eab\" data-element_type=\"column\">\n\t\t\t<div class=\"elementor-column-wrap  elementor-element-populated\">\n\t\t\t\t\t<div class=\"elementor-widget-wrap\">\n\t\t\t\t<div class=\"elementor-element elementor-element-28a2127 elementor-widget elementor-widget-image\" data-id=\"28a2127\" data-element_type=\"widget\" data-widget_type=\"image.default\">\n\t\t\t\t<div class=\"elementor-widget-container\">\n\t\t\t\t\t<div class=\"elementor-image\">\n\t\t\t\t\t\t\t\t\t\t<img width=\"225\" height=\"300\" src=\"https:\/\/cecripolles.org\/wp-content\/uploads\/2020\/08\/guia-consell-225x300.jpg\" class=\"attachment-medium size-medium\" alt=\"\" loading=\"lazy\" srcset=\"https:\/\/cecripolles.org\/wp-content\/uploads\/2020\/08\/guia-consell-225x300.jpg 225w, https:\/\/cecripolles.org\/wp-content\/uploads\/2020\/08\/guia-consell-768x1024.jpg 768w, https:\/\/cecripolles.org\/wp-content\/uploads\/2020\/08\/guia-consell.jpg 800w\" sizes=\"(max-width: 225px) 100vw, 225px\" \/>\t\t\t\t\t\t\t\t\t\t\t<\/div>\n\t\t\t\t<\/div>\n\t\t\t\t<\/div>\n\t\t\t\t\t\t<\/div>\n\t\t\t<\/div>\n\t\t<\/div>\n\t\t\t\t<div class=\"elementor-element elementor-element-eafc9a1 elementor-column elementor-col-50 elementor-top-column\" data-id=\"eafc9a1\" data-element_type=\"column\">\n\t\t\t<div class=\"elementor-column-wrap  elementor-element-populated\">\n\t\t\t\t\t<div class=\"elementor-widget-wrap\">\n\t\t\t\t<div class=\"elementor-element elementor-element-11c39d9 elementor-widget elementor-widget-heading\" data-id=\"11c39d9\" data-element_type=\"widget\" data-widget_type=\"heading.default\">\n\t\t\t\t<div class=\"elementor-widget-container\">\n\t\t\t<h3 class=\"elementor-heading-title elementor-size-default\">El Consell Comarcal edita \"Apr\u00e8n al Ripoll\u00e8s\"<\/h3>\t\t<\/div>\n\t\t\t\t<\/div>\n\t\t\t\t<div class=\"elementor-element elementor-element-3e6de4e elementor-widget elementor-widget-text-editor\" data-id=\"3e6de4e\" data-element_type=\"widget\" data-widget_type=\"text-editor.default\">\n\t\t\t\t<div class=\"elementor-widget-container\">\n\t\t\t\t\t<div class=\"elementor-text-editor elementor-clearfix\"><p class=\"interior-header__subtitle\">L&#8217;objectiu de la guia \u00e9s que els estudiants coneguin l&#8217;oferta formativa de casa nostra.<\/p><\/div>\n\t\t\t\t<\/div>\n\t\t\t\t<\/div>\n\t\t\t\t<div class=\"elementor-element elementor-element-f40a72e elementor-align-left elementor-mobile-align-center elementor-widget elementor-widget-button\" data-id=\"f40a72e\" data-element_type=\"widget\" data-widget_type=\"button.default\">\n\t\t\t\t<div class=\"elementor-widget-container\">\n\t\t\t\t\t<div class=\"elementor-button-wrapper\">\n\t\t\t<a href=\"http:\/\/www.ripollesdigital.cat\/noticia\/69815\/el-consell-comarcal-edita-apren-al-ripolles\" class=\"elementor-button-link elementor-button elementor-size-md\" role=\"button\">\n\t\t\t\t\t\t<span class=\"elementor-button-content-wrapper\">\n\t\t\t\t\t\t<span class=\"elementor-button-icon elementor-align-icon-right\">\n\t\t\t\t<i aria-hidden=\"true\" class=\"fas fa-angle-double-right\"><\/i>\t\t\t<\/span>\n\t\t\t\t\t\t<span class=\"elementor-button-text\">Not\u00edcia completa<\/span>\n\t\t<\/span>\n\t\t\t\t\t<\/a>\n\t\t<\/div>\n\t\t\t\t<\/div>\n\t\t\t\t<\/div>\n\t\t\t\t\t\t<\/div>\n\t\t\t<\/div>\n\t\t<\/div>\n\t\t\t\t\t\t<\/div>\n\t\t\t<\/div>\n\t\t<\/section>\n\t\t\t\t<section class=\"elementor-element elementor-element-6a438341 elementor-section-content-middle elementor-reverse-mobile elementor-section-boxed elementor-section-height-default elementor-section-height-default elementor-section elementor-top-section\" data-id=\"6a438341\" data-element_type=\"section\">\n\t\t\t\t\t\t<div class=\"elementor-container elementor-column-gap-default\">\n\t\t\t\t<div class=\"elementor-row\">\n\t\t\t\t<div class=\"elementor-element elementor-element-314bc1e1 elementor-column elementor-col-50 elementor-top-column\" data-id=\"314bc1e1\" data-element_type=\"column\">\n\t\t\t<div class=\"elementor-column-wrap  elementor-element-populated\">\n\t\t\t\t\t<div class=\"elementor-widget-wrap\">\n\t\t\t\t<div class=\"elementor-element elementor-element-2b162b69 elementor-widget elementor-widget-heading\" data-id=\"2b162b69\" data-element_type=\"widget\" data-widget_type=\"heading.default\">\n\t\t\t\t<div class=\"elementor-widget-container\">\n\t\t\t<h3 class=\"elementor-heading-title elementor-size-default\">'La Vall de Camprodon Desapareguda' \u00e9s el nou llibre d'Agust\u00ed Dalmau<\/h3>\t\t<\/div>\n\t\t\t\t<\/div>\n\t\t\t\t<div class=\"elementor-element elementor-element-7da2487d elementor-widget elementor-widget-text-editor\" data-id=\"7da2487d\" data-element_type=\"widget\" data-widget_type=\"text-editor.default\">\n\t\t\t\t<div class=\"elementor-widget-container\">\n\t\t\t\t\t<div class=\"elementor-text-editor elementor-clearfix\"><p class=\"interior-header__subtitle\">El vocal del Centre d&#8217;Estudis Comarcals del Ripoll\u00e8s proposa gaudir de l&#8217;ess\u00e8ncia de la Vall amb un recull de fotografies.<\/p><\/div>\n\t\t\t\t<\/div>\n\t\t\t\t<\/div>\n\t\t\t\t<div class=\"elementor-element elementor-element-6b0959f elementor-align-left elementor-mobile-align-center elementor-widget elementor-widget-button\" data-id=\"6b0959f\" data-element_type=\"widget\" data-widget_type=\"button.default\">\n\t\t\t\t<div class=\"elementor-widget-container\">\n\t\t\t\t\t<div class=\"elementor-button-wrapper\">\n\t\t\t<a href=\"http:\/\/www.ripollesdigital.cat\/noticia\/116002\/la-vall-de-camprodon-desapareguda-es-el-nou-llibre-dagusti-dalmau\" class=\"elementor-button-link elementor-button elementor-size-md\" role=\"button\">\n\t\t\t\t\t\t<span class=\"elementor-button-content-wrapper\">\n\t\t\t\t\t\t<span class=\"elementor-button-icon elementor-align-icon-right\">\n\t\t\t\t<i aria-hidden=\"true\" class=\"fas fa-angle-double-right\"><\/i>\t\t\t<\/span>\n\t\t\t\t\t\t<span class=\"elementor-button-text\">Not\u00edcia completa<\/span>\n\t\t<\/span>\n\t\t\t\t\t<\/a>\n\t\t<\/div>\n\t\t\t\t<\/div>\n\t\t\t\t<\/div>\n\t\t\t\t\t\t<\/div>\n\t\t\t<\/div>\n\t\t<\/div>\n\t\t\t\t<div class=\"elementor-element elementor-element-564da14d elementor-column elementor-col-50 elementor-top-column\" data-id=\"564da14d\" data-element_type=\"column\">\n\t\t\t<div class=\"elementor-column-wrap  elementor-element-populated\">\n\t\t\t\t\t<div class=\"elementor-widget-wrap\">\n\t\t\t\t<div class=\"elementor-element elementor-element-16f64a5f elementor-widget elementor-widget-image\" data-id=\"16f64a5f\" data-element_type=\"widget\" data-widget_type=\"image.default\">\n\t\t\t\t<div class=\"elementor-widget-container\">\n\t\t\t\t\t<div class=\"elementor-image\">\n\t\t\t\t\t\t\t\t\t\t<img width=\"800\" height=\"572\" src=\"https:\/\/cecripolles.org\/wp-content\/uploads\/2020\/08\/llibre-dalmau-bona.jpg\" class=\"attachment-full size-full\" alt=\"\" loading=\"lazy\" srcset=\"https:\/\/cecripolles.org\/wp-content\/uploads\/2020\/08\/llibre-dalmau-bona.jpg 800w, https:\/\/cecripolles.org\/wp-content\/uploads\/2020\/08\/llibre-dalmau-bona-300x215.jpg 300w, https:\/\/cecripolles.org\/wp-content\/uploads\/2020\/08\/llibre-dalmau-bona-768x549.jpg 768w\" sizes=\"(max-width: 800px) 100vw, 800px\" \/>\t\t\t\t\t\t\t\t\t\t\t<\/div>\n\t\t\t\t<\/div>\n\t\t\t\t<\/div>\n\t\t\t\t\t\t<\/div>\n\t\t\t<\/div>\n\t\t<\/div>\n\t\t\t\t\t\t<\/div>\n\t\t\t<\/div>\n\t\t<\/section>\n\t\t\t\t\t\t<\/div>\n\t\t\t<\/div>\n\t\t<\/div>\n\t\t","protected":false},"excerpt":{"rendered":"<p>Presentaci\u00f3 dels Annals 2017-2019 del CECR Videoconfer\u00e8ncia online a c\u00e0rrec&hellip;<\/p>\n<p> <a class=\"more-link\" href=\"https:\/\/cecripolles.org\/?page_id=12227\">Read more<\/a><\/p>\n","protected":false},"author":1,"featured_media":19,"parent":0,"menu_order":0,"comment_status":"closed","ping_status":"closed","template":"","meta":[],"_links":{"self":[{"href":"https:\/\/cecripolles.org\/index.php?rest_route=\/wp\/v2\/pages\/12227"}],"collection":[{"href":"https:\/\/cecripolles.org\/index.php?rest_route=\/wp\/v2\/pages"}],"about":[{"href":"https:\/\/cecripolles.org\/index.php?rest_route=\/wp\/v2\/types\/page"}],"author":[{"embeddable":true,"href":"https:\/\/cecripolles.org\/index.php?rest_route=\/wp\/v2\/users\/1"}],"replies":[{"embeddable":true,"href":"https:\/\/cecripolles.org\/index.php?rest_route=%2Fwp%2Fv2%2Fcomments&post=12227"}],"version-history":[{"count":26,"href":"https:\/\/cecripolles.org\/index.php?rest_route=\/wp\/v2\/pages\/12227\/revisions"}],"predecessor-version":[{"id":12574,"href":"https:\/\/cecripolles.org\/index.php?rest_route=\/wp\/v2\/pages\/12227\/revisions\/12574"}],"wp:featuredmedia":[{"embeddable":true,"href":"https:\/\/cecripolles.org\/index.php?rest_route=\/wp\/v2\/media\/19"}],"wp:attachment":[{"href":"https:\/\/cecripolles.org\/index.php?rest_route=%2Fwp%2Fv2%2Fmedia&parent=12227"}],"curies":[{"name":"wp","href":"https:\/\/api.w.org\/{rel}","templated":true}]}}